{"id":1916,"date":"2021-08-10T14:00:17","date_gmt":"2021-08-10T12:00:17","guid":{"rendered":"https:\/\/www.haus-delecke.de\/?page_id=1916"},"modified":"2025-08-13T12:54:23","modified_gmt":"2025-08-13T10:54:23","slug":"digitale-gastenmap","status":"publish","type":"page","link":"https:\/\/www.haus-delecke.de\/nl\/digitale-gastenmap\/","title":{"rendered":"Digitale gastenmap"},"content":{"rendered":"\t\t<div data-elementor-type=\"wp-page\" data-elementor-id=\"1916\" class=\"elementor elementor-1916\" data-elementor-post-type=\"page\">\n\t\t\t\t\t\t<section class=\"elementor-section elementor-top-section elementor-element elementor-element-4f99d4c elementor-section-boxed elementor-section-height-default elementor-section-height-default\" data-id=\"4f99d4c\" data-element_type=\"section\" data-e-type=\"section\">\n\t\t\t\t\t\t<div class=\"elementor-container elementor-column-gap-default\">\n\t\t\t\t\t<div class=\"elementor-column elementor-col-100 elementor-top-column elementor-element elementor-element-89174c9\" data-id=\"89174c9\" data-element_type=\"column\" data-e-type=\"column\">\n\t\t\t<div class=\"elementor-widget-wrap elementor-element-populated\">\n\t\t\t\t\t\t<section class=\"elementor-section elementor-inner-section elementor-element elementor-element-1349aba elementor-section-boxed elementor-section-height-default elementor-section-height-default\" data-id=\"1349aba\" data-element_type=\"section\" data-e-type=\"section\">\n\t\t\t\t\t\t<div class=\"elementor-container elementor-column-gap-default\">\n\t\t\t\t\t<div class=\"elementor-column elementor-col-50 elementor-inner-column elementor-element elementor-element-28e3516\" data-id=\"28e3516\" data-element_type=\"column\" data-e-type=\"column\">\n\t\t\t<div class=\"elementor-widget-wrap elementor-element-populated\">\n\t\t\t\t\t\t<div class=\"elementor-element elementor-element-655022b elementor-widget elementor-widget-heading\" data-id=\"655022b\" data-element_type=\"widget\" data-e-type=\"widget\" data-widget_type=\"heading.default\">\n\t\t\t\t<div class=\"elementor-widget-container\">\n\t\t\t\t\t<h2 class=\"elementor-heading-title elementor-size-default\">Eenvoudig en praktisch<\/h2>\t\t\t\t<\/div>\n\t\t\t\t<\/div>\n\t\t\t\t<div class=\"elementor-element elementor-element-88e6a98 elementor-widget elementor-widget-text-editor\" data-id=\"88e6a98\" data-element_type=\"widget\" data-e-type=\"widget\" data-widget_type=\"text-editor.default\">\n\t\t\t\t<div class=\"elementor-widget-container\">\n\t\t\t\t\t\t\t\t\t<p><a class=\"em-subtext\">Met onze digitale gastengids bieden we je een veilige en contactbeperkte service naast persoonlijke ondersteuning. Met je smartphone heb je altijd en overal toegang tot de gastenmap en is deze altijd up-to-date. Neem een kijkje en kom meer te weten over ons en ons hotel.&nbsp;<\/a><\/p>\n<p>Schauen Sie doch einfach mal rein und erfahren Sie mehr \u00fcber uns und unser Hotel.<\/p>\t\t\t\t\t\t\t\t<\/div>\n\t\t\t\t<\/div>\n\t\t\t\t<div class=\"elementor-element elementor-element-2824a9f elementor-align-center elementor-widget elementor-widget-button\" data-id=\"2824a9f\" data-element_type=\"widget\" data-e-type=\"widget\" data-widget_type=\"button.default\">\n\t\t\t\t<div class=\"elementor-widget-container\">\n\t\t\t\t\t\t\t\t\t<div class=\"elementor-button-wrapper\">\n\t\t\t\t\t<a class=\"elementor-button elementor-button-link elementor-size-sm\" href=\"https:\/\/portal.gastfreund.net\/hotel-haus-delecke\" target=\"_blank\">\n\t\t\t\t\t\t<span class=\"elementor-button-content-wrapper\">\n\t\t\t\t\t\t\t\t\t<span class=\"elementor-button-text\">Map digitale gast openen<\/span>\n\t\t\t\t\t<\/span>\n\t\t\t\t\t<\/a>\n\t\t\t\t<\/div>\n\t\t\t\t\t\t\t\t<\/div>\n\t\t\t\t<\/div>\n\t\t\t\t\t<\/div>\n\t\t<\/div>\n\t\t\t\t<div class=\"elementor-column elementor-col-50 elementor-inner-column elementor-element elementor-element-680860b\" data-id=\"680860b\" data-element_type=\"column\" data-e-type=\"column\">\n\t\t\t<div class=\"elementor-widget-wrap elementor-element-populated\">\n\t\t\t\t\t\t<div class=\"elementor-element elementor-element-b988285 elementor-widget elementor-widget-image\" data-id=\"b988285\" data-element_type=\"widget\" data-e-type=\"widget\" data-widget_type=\"image.default\">\n\t\t\t\t<div class=\"elementor-widget-container\">\n\t\t\t\t\t\t\t\t\t\t\t\t\t\t\t<img fetchpriority=\"high\" decoding=\"async\" width=\"800\" height=\"534\" src=\"https:\/\/www.haus-delecke.de\/wp-content\/uploads\/2021\/05\/HausDelecke-93-1024x683.jpg\" class=\"attachment-large size-large wp-image-6888\" alt=\"Haus Delecke Eingang\" srcset=\"https:\/\/www.haus-delecke.de\/wp-content\/uploads\/2021\/05\/HausDelecke-93-1024x683.jpg 1024w, https:\/\/www.haus-delecke.de\/wp-content\/uploads\/2021\/05\/HausDelecke-93-300x200.jpg 300w, https:\/\/www.haus-delecke.de\/wp-content\/uploads\/2021\/05\/HausDelecke-93-768x513.jpg 768w, https:\/\/www.haus-delecke.de\/wp-content\/uploads\/2021\/05\/HausDelecke-93-1536x1025.jpg 1536w, https:\/\/www.haus-delecke.de\/wp-content\/uploads\/2021\/05\/HausDelecke-93-2048x1367.jpg 2048w, https:\/\/www.haus-delecke.de\/wp-content\/uploads\/2021\/05\/HausDelecke-93-scaled.jpg 1920w\" sizes=\"(max-width: 800px) 100vw, 800px\" \/>\t\t\t\t\t\t\t\t\t\t\t\t\t\t\t<\/div>\n\t\t\t\t<\/div>\n\t\t\t\t\t<\/div>\n\t\t<\/div>\n\t\t\t\t\t<\/div>\n\t\t<\/section>\n\t\t\t\t\t<\/div>\n\t\t<\/div>\n\t\t\t\t\t<\/div>\n\t\t<\/section>\n\t\t\t\t<section class=\"elementor-section elementor-top-section elementor-element elementor-element-424f23e elementor-section-full_width elementor-section-height-default elementor-section-height-default\" data-id=\"424f23e\" data-element_type=\"section\" data-e-type=\"section\">\n\t\t\t\t\t\t<div class=\"elementor-container elementor-column-gap-default\">\n\t\t\t\t\t<div class=\"elementor-column elementor-col-100 elementor-top-column elementor-element elementor-element-36fcbdd\" data-id=\"36fcbdd\" data-element_type=\"column\" data-e-type=\"column\">\n\t\t\t<div class=\"elementor-widget-wrap elementor-element-populated\">\n\t\t\t\t\t\t<div class=\"elementor-element elementor-element-e571012 elementor-widget elementor-widget-template\" data-id=\"e571012\" data-element_type=\"widget\" data-e-type=\"widget\" data-widget_type=\"template.default\">\n\t\t\t\t<div class=\"elementor-widget-container\">\n\t\t\t\t\t\t\t<div class=\"elementor-template\">\n\t\t\t\t\t<div data-elementor-type=\"page\" data-elementor-id=\"1923\" class=\"elementor elementor-1923 elementor-1372\" data-elementor-post-type=\"elementor_library\">\n\t\t\t\t\t\t<section class=\"elementor-section elementor-top-section elementor-element elementor-element-79325be elementor-section-boxed elementor-section-height-default elementor-section-height-default\" data-id=\"79325be\" data-element_type=\"section\" data-e-type=\"section\" data-settings=\"{&quot;background_background&quot;:&quot;classic&quot;}\">\n\t\t\t\t\t\t\t<div class=\"elementor-background-overlay\"><\/div>\n\t\t\t\t\t\t\t<div class=\"elementor-container elementor-column-gap-default\">\n\t\t\t\t\t<div class=\"elementor-column elementor-col-100 elementor-top-column elementor-element elementor-element-260392f\" data-id=\"260392f\" data-element_type=\"column\" data-e-type=\"column\">\n\t\t\t<div class=\"elementor-widget-wrap elementor-element-populated\">\n\t\t\t\t\t\t<section class=\"elementor-section elementor-inner-section elementor-element elementor-element-bcfaf1c elementor-section-boxed elementor-section-height-default elementor-section-height-default\" data-id=\"bcfaf1c\" data-element_type=\"section\" data-e-type=\"section\">\n\t\t\t\t\t\t<div class=\"elementor-container elementor-column-gap-default\">\n\t\t\t\t\t<div class=\"elementor-column elementor-col-50 elementor-inner-column elementor-element elementor-element-ec1f1ce\" data-id=\"ec1f1ce\" data-element_type=\"column\" data-e-type=\"column\">\n\t\t\t<div class=\"elementor-widget-wrap elementor-element-populated\">\n\t\t\t\t\t\t<div class=\"elementor-element elementor-element-bd16dbd elementor-widget elementor-widget-heading\" data-id=\"bd16dbd\" data-element_type=\"widget\" data-e-type=\"widget\" data-widget_type=\"heading.default\">\n\t\t\t\t<div class=\"elementor-widget-container\">\n\t\t\t\t\t<h3 class=\"elementor-heading-title elementor-size-default\">Kent u ons culinaire aanbod al?<\/h3>\t\t\t\t<\/div>\n\t\t\t\t<\/div>\n\t\t\t\t\t<\/div>\n\t\t<\/div>\n\t\t\t\t<div class=\"elementor-column elementor-col-50 elementor-inner-column elementor-element elementor-element-8f2b3fb\" data-id=\"8f2b3fb\" data-element_type=\"column\" data-e-type=\"column\">\n\t\t\t<div class=\"elementor-widget-wrap elementor-element-populated\">\n\t\t\t\t\t\t<div class=\"elementor-element elementor-element-7a8fc29 elementor-align-right elementor-mobile-align-center elementor-widget elementor-widget-button\" data-id=\"7a8fc29\" data-element_type=\"widget\" data-e-type=\"widget\" data-widget_type=\"button.default\">\n\t\t\t\t<div class=\"elementor-widget-container\">\n\t\t\t\t\t\t\t\t\t<div class=\"elementor-button-wrapper\">\n\t\t\t\t\t<a class=\"elementor-button elementor-button-link elementor-size-md elementor-animation-grow\" href=\"https:\/\/www.haus-delecke.de\/menukaart\/?lang=nl\">\n\t\t\t\t\t\t<span class=\"elementor-button-content-wrapper\">\n\t\t\t\t\t\t\t\t\t<span class=\"elementor-button-text\">Onze menukaart<\/span>\n\t\t\t\t\t<\/span>\n\t\t\t\t\t<\/a>\n\t\t\t\t<\/div>\n\t\t\t\t\t\t\t\t<\/div>\n\t\t\t\t<\/div>\n\t\t\t\t\t<\/div>\n\t\t<\/div>\n\t\t\t\t\t<\/div>\n\t\t<\/section>\n\t\t\t\t\t<\/div>\n\t\t<\/div>\n\t\t\t\t\t<\/div>\n\t\t<\/section>\n\t\t\t\t<\/div>\n\t\t\t\t<\/div>\n\t\t\t\t\t\t<\/div>\n\t\t\t\t<\/div>\n\t\t\t\t\t<\/div>\n\t\t<\/div>\n\t\t\t\t\t<\/div>\n\t\t<\/section>\n\t\t\t\t<section class=\"elementor-section elementor-top-section elementor-element elementor-element-a87b353 elementor-section-boxed elementor-section-height-default elementor-section-height-default\" data-id=\"a87b353\" data-element_type=\"section\" data-e-type=\"section\" data-settings=\"{&quot;background_background&quot;:&quot;classic&quot;}\">\n\t\t\t\t\t\t<div class=\"elementor-container elementor-column-gap-default\">\n\t\t\t\t\t<div class=\"elementor-column elementor-col-100 elementor-top-column elementor-element elementor-element-1d9f8b4\" data-id=\"1d9f8b4\" data-element_type=\"column\" data-e-type=\"column\">\n\t\t\t<div class=\"elementor-widget-wrap elementor-element-populated\">\n\t\t\t\t\t\t<section class=\"elementor-section elementor-inner-section elementor-element elementor-element-e04c6aa elementor-section-boxed elementor-section-height-default elementor-section-height-default\" data-id=\"e04c6aa\" data-element_type=\"section\" data-e-type=\"section\">\n\t\t\t\t\t\t<div class=\"elementor-container elementor-column-gap-default\">\n\t\t\t\t\t<div class=\"elementor-column elementor-col-33 elementor-inner-column elementor-element elementor-element-4c0ab38\" data-id=\"4c0ab38\" data-element_type=\"column\" data-e-type=\"column\">\n\t\t\t<div class=\"elementor-widget-wrap elementor-element-populated\">\n\t\t\t\t\t\t<div class=\"elementor-element elementor-element-4de27b4 elementor-widget elementor-widget-image\" data-id=\"4de27b4\" data-element_type=\"widget\" data-e-type=\"widget\" data-widget_type=\"image.default\">\n\t\t\t\t<div class=\"elementor-widget-container\">\n\t\t\t\t\t\t\t\t\t\t\t\t\t\t\t<img decoding=\"async\" width=\"526\" height=\"976\" src=\"https:\/\/www.haus-delecke.de\/wp-content\/uploads\/2021\/05\/gastfreund03.png\" class=\"attachment-large size-large wp-image-1922\" alt=\"Gastfreund App\" srcset=\"https:\/\/www.haus-delecke.de\/wp-content\/uploads\/2021\/05\/gastfreund03.png 526w, https:\/\/www.haus-delecke.de\/wp-content\/uploads\/2021\/05\/gastfreund03-162x300.png 162w\" sizes=\"(max-width: 526px) 100vw, 526px\" \/>\t\t\t\t\t\t\t\t\t\t\t\t\t\t\t<\/div>\n\t\t\t\t<\/div>\n\t\t\t\t\t<\/div>\n\t\t<\/div>\n\t\t\t\t<div class=\"elementor-column elementor-col-33 elementor-inner-column elementor-element elementor-element-a92528b\" data-id=\"a92528b\" data-element_type=\"column\" data-e-type=\"column\">\n\t\t\t<div class=\"elementor-widget-wrap elementor-element-populated\">\n\t\t\t\t\t\t<div class=\"elementor-element elementor-element-04a524f elementor-widget elementor-widget-image\" data-id=\"04a524f\" data-element_type=\"widget\" data-e-type=\"widget\" data-widget_type=\"image.default\">\n\t\t\t\t<div class=\"elementor-widget-container\">\n\t\t\t\t\t\t\t\t\t\t\t\t\t\t\t<img decoding=\"async\" width=\"526\" height=\"976\" src=\"https:\/\/www.haus-delecke.de\/wp-content\/uploads\/2021\/05\/gastfreund02.png\" class=\"attachment-large size-large wp-image-1919\" alt=\"Gastfreund App\" srcset=\"https:\/\/www.haus-delecke.de\/wp-content\/uploads\/2021\/05\/gastfreund02.png 526w, https:\/\/www.haus-delecke.de\/wp-content\/uploads\/2021\/05\/gastfreund02-162x300.png 162w\" sizes=\"(max-width: 526px) 100vw, 526px\" \/>\t\t\t\t\t\t\t\t\t\t\t\t\t\t\t<\/div>\n\t\t\t\t<\/div>\n\t\t\t\t\t<\/div>\n\t\t<\/div>\n\t\t\t\t<div class=\"elementor-column elementor-col-33 elementor-inner-column elementor-element elementor-element-6ec1db2\" data-id=\"6ec1db2\" data-element_type=\"column\" data-e-type=\"column\">\n\t\t\t<div class=\"elementor-widget-wrap elementor-element-populated\">\n\t\t\t\t\t\t<div class=\"elementor-element elementor-element-f4aee50 elementor-widget elementor-widget-heading\" data-id=\"f4aee50\" data-element_type=\"widget\" data-e-type=\"widget\" data-widget_type=\"heading.default\">\n\t\t\t\t<div class=\"elementor-widget-container\">\n\t\t\t\t\t<h2 class=\"elementor-heading-title elementor-size-default\">Nu downloaden<\/h2>\t\t\t\t<\/div>\n\t\t\t\t<\/div>\n\t\t\t\t<div class=\"elementor-element elementor-element-2fe21f1 elementor-widget elementor-widget-text-editor\" data-id=\"2fe21f1\" data-element_type=\"widget\" data-e-type=\"widget\" data-widget_type=\"text-editor.default\">\n\t\t\t\t<div class=\"elementor-widget-container\">\n\t\t\t\t\t\t\t\t\t<p>Met de Guestfriend app heb je alle informatie uit onze gastengids in \u00e9\u00e9n oogopslag: Onze hygi\u00ebneregels, het actuele menu, alle informatie over uw aankomst en nog veel meer.<br><br>Download nu de digitale gastengids!<\/p>\t\t\t\t\t\t\t\t<\/div>\n\t\t\t\t<\/div>\n\t\t\t\t<div class=\"elementor-element elementor-element-8cd72a5 elementor-widget elementor-widget-image\" data-id=\"8cd72a5\" data-element_type=\"widget\" data-e-type=\"widget\" data-widget_type=\"image.default\">\n\t\t\t\t<div class=\"elementor-widget-container\">\n\t\t\t\t\t\t\t\t\t\t\t\t\t\t\t\t<a href=\"https:\/\/play.google.com\/store\/apps\/details?id=net.gastfreund&#038;hl=en_US&#038;pli=1\">\n\t\t\t\t\t\t\t<img loading=\"lazy\" decoding=\"async\" width=\"768\" height=\"266\" src=\"https:\/\/www.haus-delecke.de\/wp-content\/uploads\/2021\/05\/playstore.png\" class=\"attachment-large size-large wp-image-1920\" alt=\"Google Play\" srcset=\"https:\/\/www.haus-delecke.de\/wp-content\/uploads\/2021\/05\/playstore.png 768w, https:\/\/www.haus-delecke.de\/wp-content\/uploads\/2021\/05\/playstore-300x104.png 300w\" sizes=\"(max-width: 768px) 100vw, 768px\" \/>\t\t\t\t\t\t\t\t<\/a>\n\t\t\t\t\t\t\t\t\t\t\t\t\t\t\t<\/div>\n\t\t\t\t<\/div>\n\t\t\t\t<div class=\"elementor-element elementor-element-254ba1d elementor-widget elementor-widget-image\" data-id=\"254ba1d\" data-element_type=\"widget\" data-e-type=\"widget\" data-widget_type=\"image.default\">\n\t\t\t\t<div class=\"elementor-widget-container\">\n\t\t\t\t\t\t\t\t\t\t\t\t\t\t\t\t<a href=\"https:\/\/apps.apple.com\/de\/app\/gastfreund-hotel-reisef%C3%BChrer\/id674035776\">\n\t\t\t\t\t\t\t<img loading=\"lazy\" decoding=\"async\" width=\"800\" height=\"268\" src=\"https:\/\/www.haus-delecke.de\/wp-content\/uploads\/2021\/05\/App-Store-1024x343.png\" class=\"attachment-large size-large wp-image-1921\" alt=\"Apple Store\" srcset=\"https:\/\/www.haus-delecke.de\/wp-content\/uploads\/2021\/05\/App-Store-1024x343.png 1024w, https:\/\/www.haus-delecke.de\/wp-content\/uploads\/2021\/05\/App-Store-300x100.png 300w, https:\/\/www.haus-delecke.de\/wp-content\/uploads\/2021\/05\/App-Store-768x257.png 768w, https:\/\/www.haus-delecke.de\/wp-content\/uploads\/2021\/05\/App-Store-1536x514.png 1536w, https:\/\/www.haus-delecke.de\/wp-content\/uploads\/2021\/05\/App-Store.png 1768w\" sizes=\"(max-width: 800px) 100vw, 800px\" \/>\t\t\t\t\t\t\t\t<\/a>\n\t\t\t\t\t\t\t\t\t\t\t\t\t\t\t<\/div>\n\t\t\t\t<\/div>\n\t\t\t\t\t<\/div>\n\t\t<\/div>\n\t\t\t\t\t<\/div>\n\t\t<\/section>\n\t\t\t\t\t<\/div>\n\t\t<\/div>\n\t\t\t\t\t<\/div>\n\t\t<\/section>\n\t\t\t\t<\/div>\n\t\t","protected":false},"excerpt":{"rendered":"<p>Eenvoudig en praktisch Met onze digitale gastengids bieden we je een veilige en contactbeperkte service naast persoonlijke ondersteuning. Met je smartphone heb je altijd en overal toegang tot de gastenmap en is deze altijd up-to-date. Neem een kijkje en kom meer te weten over ons en ons hotel.&nbsp; Schauen Sie doch einfach mal rein und [&hellip;]<\/p>\n","protected":false},"author":2,"featured_media":0,"parent":0,"menu_order":0,"comment_status":"closed","ping_status":"closed","template":"","meta":{"footnotes":""},"class_list":["post-1916","page","type-page","status-publish","hentry"],"yoast_head":"<!-- This site is optimized with the Yoast SEO plugin v27.0 - https:\/\/yoast.com\/product\/yoast-seo-wordpress\/ -->\n<title>Digitale gastenmap - Haus Delecke<\/title>\n<meta name=\"description\" content=\"Ontdek onze digitale gastenmap. Hierin vind je alle informatie over ons huis tijdens je verblijf.\" \/>\n<meta name=\"robots\" content=\"index, follow, max-snippet:-1, max-image-preview:large, max-video-preview:-1\" \/>\n<link rel=\"canonical\" href=\"https:\/\/www.haus-delecke.de\/nl\/digitale-gastenmap\/\" \/>\n<meta property=\"og:locale\" content=\"nl_NL\" \/>\n<meta property=\"og:type\" content=\"article\" \/>\n<meta property=\"og:title\" content=\"Digitale gastenmap - Haus Delecke\" \/>\n<meta property=\"og:description\" content=\"Ontdek onze digitale gastenmap. Hierin vind je alle informatie over ons huis tijdens je verblijf.\" \/>\n<meta property=\"og:url\" content=\"https:\/\/www.haus-delecke.de\/nl\/digitale-gastenmap\/\" \/>\n<meta property=\"og:site_name\" content=\"Haus Delecke\" \/>\n<meta property=\"article:publisher\" content=\"https:\/\/www.facebook.com\/haus.delecke\/?locale=de_DE\" \/>\n<meta property=\"article:modified_time\" content=\"2025-08-13T10:54:23+00:00\" \/>\n<meta property=\"og:image\" content=\"https:\/\/www.haus-delecke.de\/wp-content\/uploads\/2021\/05\/HausDelecke-93-scaled.jpg\" \/>\n\t<meta property=\"og:image:width\" content=\"1920\" \/>\n\t<meta property=\"og:image:height\" content=\"1282\" \/>\n\t<meta property=\"og:image:type\" content=\"image\/jpeg\" \/>\n<meta name=\"twitter:card\" content=\"summary_large_image\" \/>\n<meta name=\"twitter:label1\" content=\"Geschatte leestijd\" \/>\n\t<meta name=\"twitter:data1\" content=\"1 minuut\" \/>\n<script type=\"application\/ld+json\" class=\"yoast-schema-graph\">{\"@context\":\"https:\/\/schema.org\",\"@graph\":[{\"@type\":\"WebPage\",\"@id\":\"https:\/\/www.haus-delecke.de\/nl\/digitale-gastenmap\/\",\"url\":\"https:\/\/www.haus-delecke.de\/nl\/digitale-gastenmap\/\",\"name\":\"Digitale gastenmap - Haus Delecke\",\"isPartOf\":{\"@id\":\"https:\/\/www.haus-delecke.de\/nl\/#website\"},\"primaryImageOfPage\":{\"@id\":\"https:\/\/www.haus-delecke.de\/nl\/digitale-gastenmap\/#primaryimage\"},\"image\":{\"@id\":\"https:\/\/www.haus-delecke.de\/nl\/digitale-gastenmap\/#primaryimage\"},\"thumbnailUrl\":\"https:\/\/www.haus-delecke.de\/wp-content\/uploads\/2021\/05\/HausDelecke-93-1024x683.jpg\",\"datePublished\":\"2021-08-10T12:00:17+00:00\",\"dateModified\":\"2025-08-13T10:54:23+00:00\",\"description\":\"Ontdek onze digitale gastenmap. Hierin vind je alle informatie over ons huis tijdens je verblijf.\",\"breadcrumb\":{\"@id\":\"https:\/\/www.haus-delecke.de\/nl\/digitale-gastenmap\/#breadcrumb\"},\"inLanguage\":\"nl-NL\",\"potentialAction\":[{\"@type\":\"ReadAction\",\"target\":[\"https:\/\/www.haus-delecke.de\/nl\/digitale-gastenmap\/\"]}]},{\"@type\":\"ImageObject\",\"inLanguage\":\"nl-NL\",\"@id\":\"https:\/\/www.haus-delecke.de\/nl\/digitale-gastenmap\/#primaryimage\",\"url\":\"https:\/\/www.haus-delecke.de\/wp-content\/uploads\/2021\/05\/HausDelecke-93-1024x683.jpg\",\"contentUrl\":\"https:\/\/www.haus-delecke.de\/wp-content\/uploads\/2021\/05\/HausDelecke-93-1024x683.jpg\"},{\"@type\":\"BreadcrumbList\",\"@id\":\"https:\/\/www.haus-delecke.de\/nl\/digitale-gastenmap\/#breadcrumb\",\"itemListElement\":[{\"@type\":\"ListItem\",\"position\":1,\"name\":\"Startseite\",\"item\":\"https:\/\/www.haus-delecke.de\/nl\/\"},{\"@type\":\"ListItem\",\"position\":2,\"name\":\"Digitale gastenmap\"}]},{\"@type\":\"WebSite\",\"@id\":\"https:\/\/www.haus-delecke.de\/nl\/#website\",\"url\":\"https:\/\/www.haus-delecke.de\/nl\/\",\"name\":\"Haus Delecke\",\"description\":\"Hotel | Restaurant | Caf\u00e9\",\"publisher\":{\"@id\":\"https:\/\/www.haus-delecke.de\/nl\/#organization\"},\"potentialAction\":[{\"@type\":\"SearchAction\",\"target\":{\"@type\":\"EntryPoint\",\"urlTemplate\":\"https:\/\/www.haus-delecke.de\/nl\/?s={search_term_string}\"},\"query-input\":{\"@type\":\"PropertyValueSpecification\",\"valueRequired\":true,\"valueName\":\"search_term_string\"}}],\"inLanguage\":\"nl-NL\"},{\"@type\":\"Organization\",\"@id\":\"https:\/\/www.haus-delecke.de\/nl\/#organization\",\"name\":\"Haus Delecke\",\"url\":\"https:\/\/www.haus-delecke.de\/nl\/\",\"logo\":{\"@type\":\"ImageObject\",\"inLanguage\":\"nl-NL\",\"@id\":\"https:\/\/www.haus-delecke.de\/nl\/#\/schema\/logo\/image\/\",\"url\":\"https:\/\/www.haus-delecke.de\/wp-content\/uploads\/2021\/05\/Logo-Haus-Delecke-GOLD-Skaliert.png\",\"contentUrl\":\"https:\/\/www.haus-delecke.de\/wp-content\/uploads\/2021\/05\/Logo-Haus-Delecke-GOLD-Skaliert.png\",\"width\":1920,\"height\":1438,\"caption\":\"Haus Delecke\"},\"image\":{\"@id\":\"https:\/\/www.haus-delecke.de\/nl\/#\/schema\/logo\/image\/\"},\"sameAs\":[\"https:\/\/www.facebook.com\/haus.delecke\/?locale=de_DE\",\"https:\/\/www.instagram.com\/hausdelecke\/?hl=de\"]}]}<\/script>\n<!-- \/ Yoast SEO plugin. -->","yoast_head_json":{"title":"Digitale gastenmap - Haus Delecke","description":"Ontdek onze digitale gastenmap. Hierin vind je alle informatie over ons huis tijdens je verblijf.","robots":{"index":"index","follow":"follow","max-snippet":"max-snippet:-1","max-image-preview":"max-image-preview:large","max-video-preview":"max-video-preview:-1"},"canonical":"https:\/\/www.haus-delecke.de\/nl\/digitale-gastenmap\/","og_locale":"nl_NL","og_type":"article","og_title":"Digitale gastenmap - Haus Delecke","og_description":"Ontdek onze digitale gastenmap. Hierin vind je alle informatie over ons huis tijdens je verblijf.","og_url":"https:\/\/www.haus-delecke.de\/nl\/digitale-gastenmap\/","og_site_name":"Haus Delecke","article_publisher":"https:\/\/www.facebook.com\/haus.delecke\/?locale=de_DE","article_modified_time":"2025-08-13T10:54:23+00:00","og_image":[{"width":1920,"height":1282,"url":"https:\/\/www.haus-delecke.de\/wp-content\/uploads\/2021\/05\/HausDelecke-93-scaled.jpg","type":"image\/jpeg"}],"twitter_card":"summary_large_image","twitter_misc":{"Geschatte leestijd":"1 minuut"},"schema":{"@context":"https:\/\/schema.org","@graph":[{"@type":"WebPage","@id":"https:\/\/www.haus-delecke.de\/nl\/digitale-gastenmap\/","url":"https:\/\/www.haus-delecke.de\/nl\/digitale-gastenmap\/","name":"Digitale gastenmap - Haus Delecke","isPartOf":{"@id":"https:\/\/www.haus-delecke.de\/nl\/#website"},"primaryImageOfPage":{"@id":"https:\/\/www.haus-delecke.de\/nl\/digitale-gastenmap\/#primaryimage"},"image":{"@id":"https:\/\/www.haus-delecke.de\/nl\/digitale-gastenmap\/#primaryimage"},"thumbnailUrl":"https:\/\/www.haus-delecke.de\/wp-content\/uploads\/2021\/05\/HausDelecke-93-1024x683.jpg","datePublished":"2021-08-10T12:00:17+00:00","dateModified":"2025-08-13T10:54:23+00:00","description":"Ontdek onze digitale gastenmap. Hierin vind je alle informatie over ons huis tijdens je verblijf.","breadcrumb":{"@id":"https:\/\/www.haus-delecke.de\/nl\/digitale-gastenmap\/#breadcrumb"},"inLanguage":"nl-NL","potentialAction":[{"@type":"ReadAction","target":["https:\/\/www.haus-delecke.de\/nl\/digitale-gastenmap\/"]}]},{"@type":"ImageObject","inLanguage":"nl-NL","@id":"https:\/\/www.haus-delecke.de\/nl\/digitale-gastenmap\/#primaryimage","url":"https:\/\/www.haus-delecke.de\/wp-content\/uploads\/2021\/05\/HausDelecke-93-1024x683.jpg","contentUrl":"https:\/\/www.haus-delecke.de\/wp-content\/uploads\/2021\/05\/HausDelecke-93-1024x683.jpg"},{"@type":"BreadcrumbList","@id":"https:\/\/www.haus-delecke.de\/nl\/digitale-gastenmap\/#breadcrumb","itemListElement":[{"@type":"ListItem","position":1,"name":"Startseite","item":"https:\/\/www.haus-delecke.de\/nl\/"},{"@type":"ListItem","position":2,"name":"Digitale gastenmap"}]},{"@type":"WebSite","@id":"https:\/\/www.haus-delecke.de\/nl\/#website","url":"https:\/\/www.haus-delecke.de\/nl\/","name":"Haus Delecke","description":"Hotel | Restaurant | Caf\u00e9","publisher":{"@id":"https:\/\/www.haus-delecke.de\/nl\/#organization"},"potentialAction":[{"@type":"SearchAction","target":{"@type":"EntryPoint","urlTemplate":"https:\/\/www.haus-delecke.de\/nl\/?s={search_term_string}"},"query-input":{"@type":"PropertyValueSpecification","valueRequired":true,"valueName":"search_term_string"}}],"inLanguage":"nl-NL"},{"@type":"Organization","@id":"https:\/\/www.haus-delecke.de\/nl\/#organization","name":"Haus Delecke","url":"https:\/\/www.haus-delecke.de\/nl\/","logo":{"@type":"ImageObject","inLanguage":"nl-NL","@id":"https:\/\/www.haus-delecke.de\/nl\/#\/schema\/logo\/image\/","url":"https:\/\/www.haus-delecke.de\/wp-content\/uploads\/2021\/05\/Logo-Haus-Delecke-GOLD-Skaliert.png","contentUrl":"https:\/\/www.haus-delecke.de\/wp-content\/uploads\/2021\/05\/Logo-Haus-Delecke-GOLD-Skaliert.png","width":1920,"height":1438,"caption":"Haus Delecke"},"image":{"@id":"https:\/\/www.haus-delecke.de\/nl\/#\/schema\/logo\/image\/"},"sameAs":["https:\/\/www.facebook.com\/haus.delecke\/?locale=de_DE","https:\/\/www.instagram.com\/hausdelecke\/?hl=de"]}]}},"_links":{"self":[{"href":"https:\/\/www.haus-delecke.de\/nl\/wp-json\/wp\/v2\/pages\/1916","targetHints":{"allow":["GET"]}}],"collection":[{"href":"https:\/\/www.haus-delecke.de\/nl\/wp-json\/wp\/v2\/pages"}],"about":[{"href":"https:\/\/www.haus-delecke.de\/nl\/wp-json\/wp\/v2\/types\/page"}],"author":[{"embeddable":true,"href":"https:\/\/www.haus-delecke.de\/nl\/wp-json\/wp\/v2\/users\/2"}],"replies":[{"embeddable":true,"href":"https:\/\/www.haus-delecke.de\/nl\/wp-json\/wp\/v2\/comments?post=1916"}],"version-history":[{"count":5,"href":"https:\/\/www.haus-delecke.de\/nl\/wp-json\/wp\/v2\/pages\/1916\/revisions"}],"predecessor-version":[{"id":12142,"href":"https:\/\/www.haus-delecke.de\/nl\/wp-json\/wp\/v2\/pages\/1916\/revisions\/12142"}],"wp:attachment":[{"href":"https:\/\/www.haus-delecke.de\/nl\/wp-json\/wp\/v2\/media?parent=1916"}],"curies":[{"name":"wp","href":"https:\/\/api.w.org\/{rel}","templated":true}]}}