{"id":1610,"date":"2021-08-08T21:41:58","date_gmt":"2021-08-08T19:41:58","guid":{"rendered":"https:\/\/www.haus-delecke.de\/?page_id=1610"},"modified":"2025-08-13T12:56:24","modified_gmt":"2025-08-13T10:56:24","slug":"imprint","status":"publish","type":"page","link":"https:\/\/www.haus-delecke.de\/en\/imprint\/","title":{"rendered":"Imprint"},"content":{"rendered":"\t\t<div data-elementor-type=\"wp-page\" data-elementor-id=\"1610\" class=\"elementor elementor-1610 elementor-61\" data-elementor-post-type=\"page\">\n\t\t\t\t\t\t<section class=\"elementor-section elementor-top-section elementor-element elementor-element-7983df1 elementor-section-boxed elementor-section-height-default elementor-section-height-default\" data-id=\"7983df1\" data-element_type=\"section\" data-e-type=\"section\">\n\t\t\t\t\t\t<div class=\"elementor-container elementor-column-gap-default\">\n\t\t\t\t\t<div class=\"elementor-column elementor-col-100 elementor-top-column elementor-element elementor-element-bd8e482\" data-id=\"bd8e482\" data-element_type=\"column\" data-e-type=\"column\">\n\t\t\t<div class=\"elementor-widget-wrap elementor-element-populated\">\n\t\t\t\t\t\t<section class=\"elementor-section elementor-inner-section elementor-element elementor-element-830cc80 elementor-section-boxed elementor-section-height-default elementor-section-height-default\" data-id=\"830cc80\" data-element_type=\"section\" data-e-type=\"section\">\n\t\t\t\t\t\t<div class=\"elementor-container elementor-column-gap-default\">\n\t\t\t\t\t<div class=\"elementor-column elementor-col-50 elementor-inner-column elementor-element elementor-element-8c98a0c\" data-id=\"8c98a0c\" data-element_type=\"column\" data-e-type=\"column\">\n\t\t\t<div class=\"elementor-widget-wrap elementor-element-populated\">\n\t\t\t\t\t\t<div class=\"elementor-element elementor-element-35b729b elementor-widget elementor-widget-heading\" data-id=\"35b729b\" data-element_type=\"widget\" data-e-type=\"widget\" data-widget_type=\"heading.default\">\n\t\t\t\t<div class=\"elementor-widget-container\">\n\t\t\t\t\t<h2 class=\"elementor-heading-title elementor-size-default\">Hotel- und Gastst\u00e4ttenbetriebs GmbH<\/h2>\t\t\t\t<\/div>\n\t\t\t\t<\/div>\n\t\t\t\t<div class=\"elementor-element elementor-element-22110d6 elementor-widget elementor-widget-text-editor\" data-id=\"22110d6\" data-element_type=\"widget\" data-e-type=\"widget\" data-widget_type=\"text-editor.default\">\n\t\t\t\t<div class=\"elementor-widget-container\">\n\t\t\t\t\t\t\t\t\t<p><strong>Hotel Haus Delecke<\/strong><br>Linkstra\u00dfe 10-14<br>59519 M\u00f6hnesee &#8211; Delecke<\/p><p>Phone: <a href=\"tel:004929248090\">+49 2924 8090<\/a><br>E-mail: <a href=\"mailto:%20info@haus-delecke.de\">info@haus-delecke.de<\/a><\/p><div><p>HRB 5563 Arnsberg Local Court<br>VAT ID No. DE 811 393 497<\/p><\/div><p>Web administration:<\/p><p><a href=\"https:\/\/ascensus-marketing.de\/\">Ascensus Marketing<\/a><\/p><div><p><strong>Liability for links<br><\/strong>Our website contains links to external third-party websites over whose content we have no influence. Therefore, we cannot accept any liability for this third-party content The respective provider or operator of the pages is always responsible for the content of the linked pages. The linked pages were checked for possible legal violations at the time of linking. Illegal contents were not recognizable at the time of linking. However, permanent monitoring of the content of the linked pages is not reasonable without concrete evidence of an infringement. If we become aware of any legal infringements, we will remove such links immediately.  <\/p><p><strong>Copyright<br><\/strong>The content and works created by the site operators on these pages are subject to German copyright law. Duplication, processing, distribution and any form of commercialization of such material beyond the scope of the copyright law shall require the prior written consent of its respective author or creator. Downloads and copies of this site are only permitted for private, non-commercial use. Insofar as the content on this site was not created by the operator, the copyrights of third parties are respected. In particular, third-party content is identified as such. Should you nevertheless become aware of a copyright infringement, please inform us accordingly.      If we become aware of any legal infringements, we will remove such content immediately.811<\/p><\/div>\t\t\t\t\t\t\t\t<\/div>\n\t\t\t\t<\/div>\n\t\t\t\t\t<\/div>\n\t\t<\/div>\n\t\t\t\t<div class=\"elementor-column elementor-col-50 elementor-inner-column elementor-element elementor-element-acf9033\" data-id=\"acf9033\" data-element_type=\"column\" data-e-type=\"column\">\n\t\t\t<div class=\"elementor-widget-wrap elementor-element-populated\">\n\t\t\t\t\t\t<div class=\"elementor-element elementor-element-4dca008 elementor-widget elementor-widget-spacer\" data-id=\"4dca008\" data-element_type=\"widget\" data-e-type=\"widget\" data-widget_type=\"spacer.default\">\n\t\t\t\t<div class=\"elementor-widget-container\">\n\t\t\t\t\t\t\t<div class=\"elementor-spacer\">\n\t\t\t<div class=\"elementor-spacer-inner\"><\/div>\n\t\t<\/div>\n\t\t\t\t\t\t<\/div>\n\t\t\t\t<\/div>\n\t\t\t\t<div class=\"elementor-element elementor-element-1b55a25 elementor-widget elementor-widget-text-editor\" data-id=\"1b55a25\" data-element_type=\"widget\" data-e-type=\"widget\" data-widget_type=\"text-editor.default\">\n\t\t\t\t<div class=\"elementor-widget-container\">\n\t\t\t\t\t\t\t\t\t<p><strong>Managing director authorized to represent the company:<\/strong><br>Andrea Steyer<br>Linkstra\u00dfe 10-14<br>59519 M\u00f6hnesee &#8211; Delecke<\/p><p><strong>Photo credits:<br><\/strong>Barbecue buffet: Alexander Raths\/Fotolia.de<br>Asparagus buffet: karepa\/Fotolia.de<\/p><p><strong>Dispute resolution<br><\/strong>The European Commission provides a platform for online dispute resolution (OS): https:\/\/ec.europa.eu\/consumers\/odr.<br>You can find our email address in the legal notice above.<\/p><p>We are not willing or obliged to participate in dispute resolution proceedings before a consumer arbitration board.<\/p><p><strong>Liability for content<br><\/strong>As a service provider, we are responsible for our own content on these pages in accordance with the general laws pursuant to Section 7 (1) TMG. According to \u00a7\u00a7 8 to 10 TMG, however, we as a service provider are not obliged to monitor transmitted or stored third-party information or to investigate circumstances that indicate illegal activity.  <\/p><p>Obligations to remove or block the use of information in accordance with general legislation remain unaffected by this. However, liability in this respect is only possible from the time of knowledge of a specific infringement.  As soon as we become aware of such infringements, we will remove this content immediately.<\/p>\t\t\t\t\t\t\t\t<\/div>\n\t\t\t\t<\/div>\n\t\t\t\t\t<\/div>\n\t\t<\/div>\n\t\t\t\t\t<\/div>\n\t\t<\/section>\n\t\t\t\t\t<\/div>\n\t\t<\/div>\n\t\t\t\t\t<\/div>\n\t\t<\/section>\n\t\t\t\t<\/div>\n\t\t","protected":false},"excerpt":{"rendered":"<p>Hotel- und Gastst\u00e4ttenbetriebs GmbH Hotel Haus DeleckeLinkstra\u00dfe 10-1459519 M\u00f6hnesee &#8211; Delecke Phone: +49 2924 8090E-mail: info@haus-delecke.de HRB 5563 Arnsberg Local CourtVAT ID No. DE 811 393 497 Web administration: Ascensus Marketing Liability for linksOur website contains links to external third-party websites over whose content we have no influence. Therefore, we cannot accept any liability for [&hellip;]<\/p>\n","protected":false},"author":2,"featured_media":0,"parent":0,"menu_order":0,"comment_status":"closed","ping_status":"closed","template":"","meta":{"footnotes":""},"class_list":["post-1610","page","type-page","status-publish","hentry"],"yoast_head":"<!-- This site is optimized with the Yoast SEO plugin v27.0 - https:\/\/yoast.com\/product\/yoast-seo-wordpress\/ -->\n<title>Imprint - Haus Delecke<\/title>\n<meta name=\"description\" content=\"Our imprint according to \u00a75 TMG with all relevant information of our company; contact information and responsible persons.\" \/>\n<meta name=\"robots\" content=\"index, follow, max-snippet:-1, max-image-preview:large, max-video-preview:-1\" \/>\n<link rel=\"canonical\" href=\"https:\/\/www.haus-delecke.de\/en\/imprint\/\" \/>\n<meta property=\"og:locale\" content=\"en_US\" \/>\n<meta property=\"og:type\" content=\"article\" \/>\n<meta property=\"og:title\" content=\"Imprint - Haus Delecke\" \/>\n<meta property=\"og:description\" content=\"Our imprint according to \u00a75 TMG with all relevant information of our company; contact information and responsible persons.\" \/>\n<meta property=\"og:url\" content=\"https:\/\/www.haus-delecke.de\/en\/imprint\/\" \/>\n<meta property=\"og:site_name\" content=\"Haus Delecke\" \/>\n<meta property=\"article:publisher\" content=\"https:\/\/www.facebook.com\/haus.delecke\/?locale=de_DE\" \/>\n<meta property=\"article:modified_time\" content=\"2025-08-13T10:56:24+00:00\" \/>\n<meta name=\"twitter:card\" content=\"summary_large_image\" \/>\n<meta name=\"twitter:label1\" content=\"Est. reading time\" \/>\n\t<meta name=\"twitter:data1\" content=\"3 minutes\" \/>\n<script type=\"application\/ld+json\" class=\"yoast-schema-graph\">{\"@context\":\"https:\/\/schema.org\",\"@graph\":[{\"@type\":\"WebPage\",\"@id\":\"https:\/\/www.haus-delecke.de\/en\/imprint\/\",\"url\":\"https:\/\/www.haus-delecke.de\/en\/imprint\/\",\"name\":\"Imprint - Haus Delecke\",\"isPartOf\":{\"@id\":\"https:\/\/www.haus-delecke.de\/en\/#website\"},\"datePublished\":\"2021-08-08T19:41:58+00:00\",\"dateModified\":\"2025-08-13T10:56:24+00:00\",\"description\":\"Our imprint according to \u00a75 TMG with all relevant information of our company; contact information and responsible persons.\",\"breadcrumb\":{\"@id\":\"https:\/\/www.haus-delecke.de\/en\/imprint\/#breadcrumb\"},\"inLanguage\":\"en-US\",\"potentialAction\":[{\"@type\":\"ReadAction\",\"target\":[\"https:\/\/www.haus-delecke.de\/en\/imprint\/\"]}]},{\"@type\":\"BreadcrumbList\",\"@id\":\"https:\/\/www.haus-delecke.de\/en\/imprint\/#breadcrumb\",\"itemListElement\":[{\"@type\":\"ListItem\",\"position\":1,\"name\":\"Startseite\",\"item\":\"https:\/\/www.haus-delecke.de\/en\/home\/\"},{\"@type\":\"ListItem\",\"position\":2,\"name\":\"Imprint\"}]},{\"@type\":\"WebSite\",\"@id\":\"https:\/\/www.haus-delecke.de\/en\/#website\",\"url\":\"https:\/\/www.haus-delecke.de\/en\/\",\"name\":\"Haus Delecke\",\"description\":\"Hotel | Restaurant | Caf\u00e9\",\"publisher\":{\"@id\":\"https:\/\/www.haus-delecke.de\/en\/#organization\"},\"potentialAction\":[{\"@type\":\"SearchAction\",\"target\":{\"@type\":\"EntryPoint\",\"urlTemplate\":\"https:\/\/www.haus-delecke.de\/en\/?s={search_term_string}\"},\"query-input\":{\"@type\":\"PropertyValueSpecification\",\"valueRequired\":true,\"valueName\":\"search_term_string\"}}],\"inLanguage\":\"en-US\"},{\"@type\":\"Organization\",\"@id\":\"https:\/\/www.haus-delecke.de\/en\/#organization\",\"name\":\"Haus Delecke\",\"url\":\"https:\/\/www.haus-delecke.de\/en\/\",\"logo\":{\"@type\":\"ImageObject\",\"inLanguage\":\"en-US\",\"@id\":\"https:\/\/www.haus-delecke.de\/en\/#\/schema\/logo\/image\/\",\"url\":\"https:\/\/www.haus-delecke.de\/wp-content\/uploads\/2021\/05\/Logo-Haus-Delecke-GOLD-Skaliert.png\",\"contentUrl\":\"https:\/\/www.haus-delecke.de\/wp-content\/uploads\/2021\/05\/Logo-Haus-Delecke-GOLD-Skaliert.png\",\"width\":1920,\"height\":1438,\"caption\":\"Haus Delecke\"},\"image\":{\"@id\":\"https:\/\/www.haus-delecke.de\/en\/#\/schema\/logo\/image\/\"},\"sameAs\":[\"https:\/\/www.facebook.com\/haus.delecke\/?locale=de_DE\",\"https:\/\/www.instagram.com\/hausdelecke\/?hl=de\"]}]}<\/script>\n<!-- \/ Yoast SEO plugin. -->","yoast_head_json":{"title":"Imprint - Haus Delecke","description":"Our imprint according to \u00a75 TMG with all relevant information of our company; contact information and responsible persons.","robots":{"index":"index","follow":"follow","max-snippet":"max-snippet:-1","max-image-preview":"max-image-preview:large","max-video-preview":"max-video-preview:-1"},"canonical":"https:\/\/www.haus-delecke.de\/en\/imprint\/","og_locale":"en_US","og_type":"article","og_title":"Imprint - Haus Delecke","og_description":"Our imprint according to \u00a75 TMG with all relevant information of our company; contact information and responsible persons.","og_url":"https:\/\/www.haus-delecke.de\/en\/imprint\/","og_site_name":"Haus Delecke","article_publisher":"https:\/\/www.facebook.com\/haus.delecke\/?locale=de_DE","article_modified_time":"2025-08-13T10:56:24+00:00","twitter_card":"summary_large_image","twitter_misc":{"Est. reading time":"3 minutes"},"schema":{"@context":"https:\/\/schema.org","@graph":[{"@type":"WebPage","@id":"https:\/\/www.haus-delecke.de\/en\/imprint\/","url":"https:\/\/www.haus-delecke.de\/en\/imprint\/","name":"Imprint - Haus Delecke","isPartOf":{"@id":"https:\/\/www.haus-delecke.de\/en\/#website"},"datePublished":"2021-08-08T19:41:58+00:00","dateModified":"2025-08-13T10:56:24+00:00","description":"Our imprint according to \u00a75 TMG with all relevant information of our company; contact information and responsible persons.","breadcrumb":{"@id":"https:\/\/www.haus-delecke.de\/en\/imprint\/#breadcrumb"},"inLanguage":"en-US","potentialAction":[{"@type":"ReadAction","target":["https:\/\/www.haus-delecke.de\/en\/imprint\/"]}]},{"@type":"BreadcrumbList","@id":"https:\/\/www.haus-delecke.de\/en\/imprint\/#breadcrumb","itemListElement":[{"@type":"ListItem","position":1,"name":"Startseite","item":"https:\/\/www.haus-delecke.de\/en\/home\/"},{"@type":"ListItem","position":2,"name":"Imprint"}]},{"@type":"WebSite","@id":"https:\/\/www.haus-delecke.de\/en\/#website","url":"https:\/\/www.haus-delecke.de\/en\/","name":"Haus Delecke","description":"Hotel | Restaurant | Caf\u00e9","publisher":{"@id":"https:\/\/www.haus-delecke.de\/en\/#organization"},"potentialAction":[{"@type":"SearchAction","target":{"@type":"EntryPoint","urlTemplate":"https:\/\/www.haus-delecke.de\/en\/?s={search_term_string}"},"query-input":{"@type":"PropertyValueSpecification","valueRequired":true,"valueName":"search_term_string"}}],"inLanguage":"en-US"},{"@type":"Organization","@id":"https:\/\/www.haus-delecke.de\/en\/#organization","name":"Haus Delecke","url":"https:\/\/www.haus-delecke.de\/en\/","logo":{"@type":"ImageObject","inLanguage":"en-US","@id":"https:\/\/www.haus-delecke.de\/en\/#\/schema\/logo\/image\/","url":"https:\/\/www.haus-delecke.de\/wp-content\/uploads\/2021\/05\/Logo-Haus-Delecke-GOLD-Skaliert.png","contentUrl":"https:\/\/www.haus-delecke.de\/wp-content\/uploads\/2021\/05\/Logo-Haus-Delecke-GOLD-Skaliert.png","width":1920,"height":1438,"caption":"Haus Delecke"},"image":{"@id":"https:\/\/www.haus-delecke.de\/en\/#\/schema\/logo\/image\/"},"sameAs":["https:\/\/www.facebook.com\/haus.delecke\/?locale=de_DE","https:\/\/www.instagram.com\/hausdelecke\/?hl=de"]}]}},"_links":{"self":[{"href":"https:\/\/www.haus-delecke.de\/en\/wp-json\/wp\/v2\/pages\/1610","targetHints":{"allow":["GET"]}}],"collection":[{"href":"https:\/\/www.haus-delecke.de\/en\/wp-json\/wp\/v2\/pages"}],"about":[{"href":"https:\/\/www.haus-delecke.de\/en\/wp-json\/wp\/v2\/types\/page"}],"author":[{"embeddable":true,"href":"https:\/\/www.haus-delecke.de\/en\/wp-json\/wp\/v2\/users\/2"}],"replies":[{"embeddable":true,"href":"https:\/\/www.haus-delecke.de\/en\/wp-json\/wp\/v2\/comments?post=1610"}],"version-history":[{"count":5,"href":"https:\/\/www.haus-delecke.de\/en\/wp-json\/wp\/v2\/pages\/1610\/revisions"}],"predecessor-version":[{"id":12151,"href":"https:\/\/www.haus-delecke.de\/en\/wp-json\/wp\/v2\/pages\/1610\/revisions\/12151"}],"wp:attachment":[{"href":"https:\/\/www.haus-delecke.de\/en\/wp-json\/wp\/v2\/media?parent=1610"}],"curies":[{"name":"wp","href":"https:\/\/api.w.org\/{rel}","templated":true}]}}